{"id":366,"date":"2024-02-15T09:47:26","date_gmt":"2024-02-15T09:47:26","guid":{"rendered":"https:\/\/ryo.rigodolo.com\/index.php\/terms-conditions\/"},"modified":"2024-04-02T19:00:12","modified_gmt":"2024-04-02T19:00:12","slug":"terms-conditions","status":"publish","type":"page","link":"https:\/\/iris-prevention.fr\/en\/terms-conditions\/","title":{"rendered":"Terms &amp; Conditions"},"content":{"rendered":"\t\t<div data-elementor-type=\"wp-page\" data-elementor-id=\"366\" class=\"elementor elementor-366 elementor-64\" data-elementor-post-type=\"page\">\n\t\t\t\t<div class=\"elementor-element elementor-element-84d210f e-flex e-con-boxed e-con e-parent\" data-id=\"84d210f\" data-element_type=\"container\" data-e-type=\"container\">\n\t\t\t\t\t<div class=\"e-con-inner\">\n\t\t\t\t<div class=\"elementor-element elementor-element-ec5a53d elementor-widget elementor-widget-html\" data-id=\"ec5a53d\" data-element_type=\"widget\" data-e-type=\"widget\" data-widget_type=\"html.default\">\n\t\t\t\t<div class=\"elementor-widget-container\">\n\t\t\t\t\t<iframe src=\"\/wp-content\/uploads\/2024\/04\/FR-CONDITIONS-DUTILISATION-DES-SERVICES-France-SURGERY-DigiMED-1.pdf\" width=\"1140\" height=\"1000\"><\/iframe>\t\t\t\t<\/div>\n\t\t\t\t<\/div>\n\t\t\t\t\t<\/div>\n\t\t\t\t<\/div>\n\t\t\t\t<\/div>\n\t\t","protected":false},"excerpt":{"rendered":"","protected":false},"author":1,"featured_media":0,"parent":0,"menu_order":0,"comment_status":"closed","ping_status":"closed","template":"","meta":{"footnotes":""},"class_list":["post-366","page","type-page","status-publish","hentry"],"yoast_head":"<!-- This site is optimized with the Yoast SEO plugin v27.2 - https:\/\/yoast.com\/product\/yoast-seo-wordpress\/ -->\n<title>Terms &amp; Conditions - IRIS Pr\u00e9vention<\/title>\n<meta name=\"robots\" content=\"noindex, follow\" \/>\n<meta property=\"og:locale\" content=\"en_US\" \/>\n<meta property=\"og:type\" content=\"article\" \/>\n<meta property=\"og:title\" content=\"Terms &amp; Conditions - IRIS Pr\u00e9vention\" \/>\n<meta property=\"og:url\" content=\"https:\/\/iris-prevention.fr\/en\/terms-conditions\/\" \/>\n<meta property=\"og:site_name\" content=\"IRIS Pr\u00e9vention\" \/>\n<meta property=\"article:modified_time\" content=\"2024-04-02T19:00:12+00:00\" \/>\n<meta name=\"twitter:card\" content=\"summary_large_image\" \/>\n<script type=\"application\/ld+json\" class=\"yoast-schema-graph\">{\"@context\":\"https:\/\/schema.org\",\"@graph\":[{\"@type\":\"WebPage\",\"@id\":\"https:\/\/iris-prevention.fr\/en\/terms-conditions\/\",\"url\":\"https:\/\/iris-prevention.fr\/en\/terms-conditions\/\",\"name\":\"Terms &amp; Conditions - IRIS Pr\u00e9vention\",\"isPartOf\":{\"@id\":\"https:\/\/iris-prevention.fr\/en\/#website\"},\"datePublished\":\"2024-02-15T09:47:26+00:00\",\"dateModified\":\"2024-04-02T19:00:12+00:00\",\"breadcrumb\":{\"@id\":\"https:\/\/iris-prevention.fr\/en\/terms-conditions\/#breadcrumb\"},\"inLanguage\":\"en-US\",\"potentialAction\":[{\"@type\":\"ReadAction\",\"target\":[\"https:\/\/iris-prevention.fr\/en\/terms-conditions\/\"]}]},{\"@type\":\"BreadcrumbList\",\"@id\":\"https:\/\/iris-prevention.fr\/en\/terms-conditions\/#breadcrumb\",\"itemListElement\":[{\"@type\":\"ListItem\",\"position\":1,\"name\":\"Home\",\"item\":\"https:\/\/iris-prevention.fr\/en\/\"},{\"@type\":\"ListItem\",\"position\":2,\"name\":\"Terms &amp; Conditions\"}]},{\"@type\":\"WebSite\",\"@id\":\"https:\/\/iris-prevention.fr\/en\/#website\",\"url\":\"https:\/\/iris-prevention.fr\/en\/\",\"name\":\"IRIS Pr\u00e9vention\",\"description\":\"Illuminez la sant\u00e9 de vos salari\u00e9s avec IRIS Pr\u00e9vention \",\"publisher\":{\"@id\":\"https:\/\/iris-prevention.fr\/en\/#organization\"},\"potentialAction\":[{\"@type\":\"SearchAction\",\"target\":{\"@type\":\"EntryPoint\",\"urlTemplate\":\"https:\/\/iris-prevention.fr\/en\/?s={search_term_string}\"},\"query-input\":{\"@type\":\"PropertyValueSpecification\",\"valueRequired\":true,\"valueName\":\"search_term_string\"}}],\"inLanguage\":\"en-US\"},{\"@type\":\"Organization\",\"@id\":\"https:\/\/iris-prevention.fr\/en\/#organization\",\"name\":\"IRIS Pr\u00e9vention\",\"url\":\"https:\/\/iris-prevention.fr\/en\/\",\"logo\":{\"@type\":\"ImageObject\",\"inLanguage\":\"en-US\",\"@id\":\"https:\/\/iris-prevention.fr\/en\/#\/schema\/logo\/image\/\",\"url\":\"https:\/\/iris-prevention.fr\/wp-content\/uploads\/2024\/02\/Logo-IRIS-Prevention.png\",\"contentUrl\":\"https:\/\/iris-prevention.fr\/wp-content\/uploads\/2024\/02\/Logo-IRIS-Prevention.png\",\"width\":537,\"height\":301,\"caption\":\"IRIS Pr\u00e9vention\"},\"image\":{\"@id\":\"https:\/\/iris-prevention.fr\/en\/#\/schema\/logo\/image\/\"}}]}<\/script>\n<!-- \/ Yoast SEO plugin. -->","yoast_head_json":{"title":"Terms &amp; Conditions - IRIS Pr\u00e9vention","robots":{"index":"noindex","follow":"follow"},"og_locale":"en_US","og_type":"article","og_title":"Terms &amp; Conditions - IRIS Pr\u00e9vention","og_url":"https:\/\/iris-prevention.fr\/en\/terms-conditions\/","og_site_name":"IRIS Pr\u00e9vention","article_modified_time":"2024-04-02T19:00:12+00:00","twitter_card":"summary_large_image","schema":{"@context":"https:\/\/schema.org","@graph":[{"@type":"WebPage","@id":"https:\/\/iris-prevention.fr\/en\/terms-conditions\/","url":"https:\/\/iris-prevention.fr\/en\/terms-conditions\/","name":"Terms &amp; Conditions - IRIS Pr\u00e9vention","isPartOf":{"@id":"https:\/\/iris-prevention.fr\/en\/#website"},"datePublished":"2024-02-15T09:47:26+00:00","dateModified":"2024-04-02T19:00:12+00:00","breadcrumb":{"@id":"https:\/\/iris-prevention.fr\/en\/terms-conditions\/#breadcrumb"},"inLanguage":"en-US","potentialAction":[{"@type":"ReadAction","target":["https:\/\/iris-prevention.fr\/en\/terms-conditions\/"]}]},{"@type":"BreadcrumbList","@id":"https:\/\/iris-prevention.fr\/en\/terms-conditions\/#breadcrumb","itemListElement":[{"@type":"ListItem","position":1,"name":"Home","item":"https:\/\/iris-prevention.fr\/en\/"},{"@type":"ListItem","position":2,"name":"Terms &amp; Conditions"}]},{"@type":"WebSite","@id":"https:\/\/iris-prevention.fr\/en\/#website","url":"https:\/\/iris-prevention.fr\/en\/","name":"IRIS Pr\u00e9vention","description":"Illuminez la sant\u00e9 de vos salari\u00e9s avec IRIS Pr\u00e9vention ","publisher":{"@id":"https:\/\/iris-prevention.fr\/en\/#organization"},"potentialAction":[{"@type":"SearchAction","target":{"@type":"EntryPoint","urlTemplate":"https:\/\/iris-prevention.fr\/en\/?s={search_term_string}"},"query-input":{"@type":"PropertyValueSpecification","valueRequired":true,"valueName":"search_term_string"}}],"inLanguage":"en-US"},{"@type":"Organization","@id":"https:\/\/iris-prevention.fr\/en\/#organization","name":"IRIS Pr\u00e9vention","url":"https:\/\/iris-prevention.fr\/en\/","logo":{"@type":"ImageObject","inLanguage":"en-US","@id":"https:\/\/iris-prevention.fr\/en\/#\/schema\/logo\/image\/","url":"https:\/\/iris-prevention.fr\/wp-content\/uploads\/2024\/02\/Logo-IRIS-Prevention.png","contentUrl":"https:\/\/iris-prevention.fr\/wp-content\/uploads\/2024\/02\/Logo-IRIS-Prevention.png","width":537,"height":301,"caption":"IRIS Pr\u00e9vention"},"image":{"@id":"https:\/\/iris-prevention.fr\/en\/#\/schema\/logo\/image\/"}}]}},"_links":{"self":[{"href":"https:\/\/iris-prevention.fr\/en\/wp-json\/wp\/v2\/pages\/366","targetHints":{"allow":["GET"]}}],"collection":[{"href":"https:\/\/iris-prevention.fr\/en\/wp-json\/wp\/v2\/pages"}],"about":[{"href":"https:\/\/iris-prevention.fr\/en\/wp-json\/wp\/v2\/types\/page"}],"author":[{"embeddable":true,"href":"https:\/\/iris-prevention.fr\/en\/wp-json\/wp\/v2\/users\/1"}],"replies":[{"embeddable":true,"href":"https:\/\/iris-prevention.fr\/en\/wp-json\/wp\/v2\/comments?post=366"}],"version-history":[{"count":3,"href":"https:\/\/iris-prevention.fr\/en\/wp-json\/wp\/v2\/pages\/366\/revisions"}],"predecessor-version":[{"id":1243,"href":"https:\/\/iris-prevention.fr\/en\/wp-json\/wp\/v2\/pages\/366\/revisions\/1243"}],"wp:attachment":[{"href":"https:\/\/iris-prevention.fr\/en\/wp-json\/wp\/v2\/media?parent=366"}],"curies":[{"name":"wp","href":"https:\/\/api.w.org\/{rel}","templated":true}]}}