{"id":346,"date":"2024-02-15T09:06:24","date_gmt":"2024-02-15T09:06:24","guid":{"rendered":"https:\/\/ryo.rigodolo.com\/index.php\/contact\/"},"modified":"2024-10-04T09:49:54","modified_gmt":"2024-10-04T09:49:54","slug":"contact","status":"publish","type":"page","link":"https:\/\/iris-prevention.fr\/en\/contact\/","title":{"rendered":"Contact"},"content":{"rendered":"\t\t<div data-elementor-type=\"wp-page\" data-elementor-id=\"346\" class=\"elementor elementor-346 elementor-11\" data-elementor-post-type=\"page\">\n\t\t\t\t<div class=\"elementor-element elementor-element-f77e183 e-flex e-con-boxed e-con e-parent\" data-id=\"f77e183\" data-element_type=\"container\" data-e-type=\"container\">\n\t\t\t\t\t<div class=\"e-con-inner\">\n\t\t\t\t<div class=\"elementor-element elementor-element-fa8630e elementor-widget elementor-widget-heading\" data-id=\"fa8630e\" data-element_type=\"widget\" data-e-type=\"widget\" data-widget_type=\"heading.default\">\n\t\t\t\t<div class=\"elementor-widget-container\">\n\t\t\t\t\t<h1 class=\"elementor-heading-title elementor-size-default\">Contact us<\/h1>\t\t\t\t<\/div>\n\t\t\t\t<\/div>\n\t\t<div class=\"elementor-element elementor-element-8985720 e-con-full e-flex e-con e-child\" data-id=\"8985720\" data-element_type=\"container\" data-e-type=\"container\" data-settings=\"{&quot;background_background&quot;:&quot;classic&quot;}\">\n\t\t\t\t<div class=\"elementor-element elementor-element-ee9cbf7 elementor-button-align-end elementor-widget elementor-widget-form\" data-id=\"ee9cbf7\" data-element_type=\"widget\" data-e-type=\"widget\" data-settings=\"{&quot;step_next_label&quot;:&quot;Next&quot;,&quot;step_previous_label&quot;:&quot;Previous&quot;,&quot;button_width&quot;:&quot;100&quot;,&quot;step_type&quot;:&quot;number_text&quot;,&quot;step_icon_shape&quot;:&quot;circle&quot;}\" data-widget_type=\"form.default\">\n\t\t\t\t<div class=\"elementor-widget-container\">\n\t\t\t\t\t\t\t<form class=\"elementor-form\" method=\"post\" name=\"New Form\">\n\t\t\t<input type=\"hidden\" name=\"post_id\" value=\"346\"\/>\n\t\t\t<input type=\"hidden\" name=\"form_id\" value=\"ee9cbf7\"\/>\n\t\t\t<input type=\"hidden\" name=\"referer_title\" value=\"IRIS Pr\u00e9vention\" \/>\n\n\t\t\t\n\t\t\t<div class=\"elementor-form-fields-wrapper elementor-labels-\">\n\t\t\t\t\t\t\t\t<div class=\"elementor-field-type-text elementor-field-group elementor-column elementor-field-group-name elementor-col-100 elementor-field-required\">\n\t\t\t\t\t\t\t\t\t\t\t\t<label for=\"form-field-name\" class=\"elementor-field-label elementor-screen-only\">\n\t\t\t\t\t\t\t\tI am... *\t\t\t\t\t\t\t<\/label>\n\t\t\t\t\t\t\t\t\t\t\t\t\t\t<input size=\"1\" type=\"text\" name=\"form_fields[name]\" id=\"form-field-name\" class=\"elementor-field elementor-size-sm  elementor-field-textual\" placeholder=\"I am... *\" required=\"required\">\n\t\t\t\t\t\t\t\t\t\t\t<\/div>\n\t\t\t\t\t\t\t\t<div class=\"elementor-field-type-text elementor-field-group elementor-column elementor-field-group-field_7bd3b72 elementor-col-100 elementor-field-required\">\n\t\t\t\t\t\t\t\t\t\t\t\t<label for=\"form-field-field_7bd3b72\" class=\"elementor-field-label elementor-screen-only\">\n\t\t\t\t\t\t\t\tLast name - First name *\t\t\t\t\t\t\t<\/label>\n\t\t\t\t\t\t\t\t\t\t\t\t\t\t<input size=\"1\" type=\"text\" name=\"form_fields[field_7bd3b72]\" id=\"form-field-field_7bd3b72\" class=\"elementor-field elementor-size-sm  elementor-field-textual\" placeholder=\"Last name - First name *\" required=\"required\">\n\t\t\t\t\t\t\t\t\t\t\t<\/div>\n\t\t\t\t\t\t\t\t<div class=\"elementor-field-type-email elementor-field-group elementor-column elementor-field-group-email elementor-col-100 elementor-field-required\">\n\t\t\t\t\t\t\t\t\t\t\t\t<label for=\"form-field-email\" class=\"elementor-field-label elementor-screen-only\">\n\t\t\t\t\t\t\t\tEmail *\t\t\t\t\t\t\t<\/label>\n\t\t\t\t\t\t\t\t\t\t\t\t\t\t<input size=\"1\" type=\"email\" name=\"form_fields[email]\" id=\"form-field-email\" class=\"elementor-field elementor-size-sm  elementor-field-textual\" placeholder=\"Email *\" required=\"required\">\n\t\t\t\t\t\t\t\t\t\t\t<\/div>\n\t\t\t\t\t\t\t\t<div class=\"elementor-field-type-tel elementor-field-group elementor-column elementor-field-group-field_f4f5991 elementor-col-100\">\n\t\t\t\t\t\t\t\t\t\t\t\t<label for=\"form-field-field_f4f5991\" class=\"elementor-field-label elementor-screen-only\">\n\t\t\t\t\t\t\t\tPhone\t\t\t\t\t\t\t<\/label>\n\t\t\t\t\t\t\t\t<input size=\"1\" type=\"tel\" name=\"form_fields[field_f4f5991]\" id=\"form-field-field_f4f5991\" class=\"elementor-field elementor-size-sm  elementor-field-textual\" placeholder=\"Phone\" pattern=\"[0-9()#&amp;+*-=.]+\" title=\"Only numbers and phone characters (#, -, *, etc) are accepted.\">\n\n\t\t\t\t\t\t<\/div>\n\t\t\t\t\t\t\t\t<div class=\"elementor-field-type-textarea elementor-field-group elementor-column elementor-field-group-message elementor-col-100\">\n\t\t\t\t\t\t\t\t\t\t\t\t<label for=\"form-field-message\" class=\"elementor-field-label elementor-screen-only\">\n\t\t\t\t\t\t\t\tComment\t\t\t\t\t\t\t<\/label>\n\t\t\t\t\t\t<textarea class=\"elementor-field-textual elementor-field  elementor-size-sm\" name=\"form_fields[message]\" id=\"form-field-message\" rows=\"4\" placeholder=\"Comment\"><\/textarea>\t\t\t\t<\/div>\n\t\t\t\t\t\t\t\t<div class=\"elementor-field-group elementor-column elementor-field-type-submit elementor-col-100 e-form__buttons\">\n\t\t\t\t\t<button class=\"elementor-button elementor-size-md\" type=\"submit\">\n\t\t\t\t\t\t<span class=\"elementor-button-content-wrapper\">\n\t\t\t\t\t\t\t\t\t\t\t\t\t\t\t\t\t\t\t\t\t\t<span class=\"elementor-button-text\">Contact<\/span>\n\t\t\t\t\t\t\t\t\t\t\t\t\t<\/span>\n\t\t\t\t\t<\/button>\n\t\t\t\t<\/div>\n\t\t\t<\/div>\n\t\t<\/form>\n\t\t\t\t\t\t<\/div>\n\t\t\t\t<\/div>\n\t\t\t\t<\/div>\n\t\t\t\t\t<\/div>\n\t\t\t\t<\/div>\n\t\t<div class=\"elementor-element elementor-element-a642003 e-flex e-con-boxed e-con e-parent\" data-id=\"a642003\" data-element_type=\"container\" data-e-type=\"container\">\n\t\t\t\t\t<div class=\"e-con-inner\">\n\t\t\t\t<div class=\"elementor-element elementor-element-ca24766 elementor-widget elementor-widget-text-editor\" data-id=\"ca24766\" data-element_type=\"widget\" data-e-type=\"widget\" data-widget_type=\"text-editor.default\">\n\t\t\t\t<div class=\"elementor-widget-container\">\n\t\t\t\t\t\t\t\t\t<p><strong>Contact IRIS Preventive Health<\/strong><\/p><p>Are you looking for more information about our preventive health services for your employees? <strong>Contact IRIS Preventive Health<\/strong> to discover how we can help you improve employee well-being and reduce absenteeism. We offer digitalized health check-ups, on-site screening programs, and personalized health coaching services, all tailored to meet the needs of your company.<\/p><p>\u00a0<\/p><h2><strong>How to contact us?<\/strong><\/h2><p>Our team is available to discuss your company&#8217;s preventive health needs. Whether you are interested in our employee health check-ups, workplace screening solutions, or personalized health coaching, IRIS Preventive Health is here to assist you. We can help you evaluate your options and recommend services to improve the well-being of your employees, reduce absenteeism, and promote a healthy work environment.<\/p><p>Feel free to reach out to us via the contact form on this page to get in touch with <strong>IRIS Preventive Health<\/strong>. Our team will respond promptly to ensure you receive the information you need.<\/p><h2><strong>Why choose IRIS Preventive Health?<\/strong><\/h2><p>IRIS Preventive Health offers an innovative preventive health portal designed to simplify access to employee health check-ups, tailored to the specific needs of your business. By contacting us, you take the first step towards enhancing your employees&#8217; well-being and improving the overall health of your workforce. With our personalized approach and cutting-edge solutions, such as digitalized health assessments and on-site screenings, we are a key partner in corporate health management.<\/p><p>Our commitment is to provide fast, tailored solutions for your company\u2019s preventive health needs. When you contact IRIS Preventive Health, you will be connected with a team of health professionals specialized in managing workplace health check-ups and improving employee well-being.<\/p><h2><strong>Request a demo today!<\/strong><\/h2><p>In addition to answering your questions, we also offer personalized demonstrations of our health platform. A demo will show you how our services can be seamlessly integrated into your company to improve the health of your employees while optimizing the overall performance of your team.<\/p><p>Take the first step toward a healthier workforce by contacting <strong>IRIS Preventive Health<\/strong> today and discover the difference our solutions can make.<\/p>\t\t\t\t\t\t\t\t<\/div>\n\t\t\t\t<\/div>\n\t\t\t\t\t<\/div>\n\t\t\t\t<\/div>\n\t\t\t\t<\/div>\n\t\t","protected":false},"excerpt":{"rendered":"<p>Contact us Contact IRIS Preventive Health Are you looking for more information about our preventive health services for your employees? Contact IRIS Preventive Health to discover how we can help you improve employee well-being and reduce absenteeism. We offer digitalized health check-ups, on-site screening programs, and personalized health coaching services, all tailored to meet the [&hellip;]<\/p>\n","protected":false},"author":1,"featured_media":312,"parent":0,"menu_order":0,"comment_status":"closed","ping_status":"closed","template":"","meta":{"footnotes":""},"class_list":["post-346","page","type-page","status-publish","has-post-thumbnail","hentry"],"yoast_head":"<!-- This site is optimized with the Yoast SEO plugin v27.2 - https:\/\/yoast.com\/product\/yoast-seo-wordpress\/ -->\n<title>Contact IRIS Preventive Health - Workplace Health Solutions<\/title>\n<meta name=\"description\" content=\"Contact IRIS Preventive Health to discover our workplace health prevention solutions and improve the well-being of your employees.\" \/>\n<meta name=\"robots\" content=\"index, follow, max-snippet:-1, max-image-preview:large, max-video-preview:-1\" \/>\n<link rel=\"canonical\" href=\"https:\/\/iris-prevention.fr\/en\/contact\/\" \/>\n<meta property=\"og:locale\" content=\"en_US\" \/>\n<meta property=\"og:type\" content=\"article\" \/>\n<meta property=\"og:title\" content=\"Contact IRIS Preventive Health - Workplace Health Solutions\" \/>\n<meta property=\"og:description\" content=\"Contact IRIS Preventive Health to discover our workplace health prevention solutions and improve the well-being of your employees.\" \/>\n<meta property=\"og:url\" content=\"https:\/\/iris-prevention.fr\/en\/contact\/\" \/>\n<meta property=\"og:site_name\" content=\"IRIS Pr\u00e9vention\" \/>\n<meta property=\"article:modified_time\" content=\"2024-10-04T09:49:54+00:00\" \/>\n<meta property=\"og:image\" content=\"https:\/\/iris-prevention.fr\/wp-content\/uploads\/2024\/02\/Logo-IRIS-Prevention.png\" \/>\n\t<meta property=\"og:image:width\" content=\"537\" \/>\n\t<meta property=\"og:image:height\" content=\"301\" \/>\n\t<meta property=\"og:image:type\" content=\"image\/png\" \/>\n<meta name=\"twitter:card\" content=\"summary_large_image\" \/>\n<meta name=\"twitter:label1\" content=\"Est. reading time\" \/>\n\t<meta name=\"twitter:data1\" content=\"2 minutes\" \/>\n<script type=\"application\/ld+json\" class=\"yoast-schema-graph\">{\"@context\":\"https:\/\/schema.org\",\"@graph\":[{\"@type\":\"WebPage\",\"@id\":\"https:\/\/iris-prevention.fr\/en\/contact\/\",\"url\":\"https:\/\/iris-prevention.fr\/en\/contact\/\",\"name\":\"Contact IRIS Preventive Health - Workplace Health Solutions\",\"isPartOf\":{\"@id\":\"https:\/\/iris-prevention.fr\/en\/#website\"},\"primaryImageOfPage\":{\"@id\":\"https:\/\/iris-prevention.fr\/en\/contact\/#primaryimage\"},\"image\":{\"@id\":\"https:\/\/iris-prevention.fr\/en\/contact\/#primaryimage\"},\"thumbnailUrl\":\"https:\/\/iris-prevention.fr\/wp-content\/uploads\/2024\/02\/Logo-IRIS-Prevention.png\",\"datePublished\":\"2024-02-15T09:06:24+00:00\",\"dateModified\":\"2024-10-04T09:49:54+00:00\",\"description\":\"Contact IRIS Preventive Health to discover our workplace health prevention solutions and improve the well-being of your employees.\",\"breadcrumb\":{\"@id\":\"https:\/\/iris-prevention.fr\/en\/contact\/#breadcrumb\"},\"inLanguage\":\"en-US\",\"potentialAction\":[{\"@type\":\"ReadAction\",\"target\":[\"https:\/\/iris-prevention.fr\/en\/contact\/\"]}]},{\"@type\":\"ImageObject\",\"inLanguage\":\"en-US\",\"@id\":\"https:\/\/iris-prevention.fr\/en\/contact\/#primaryimage\",\"url\":\"https:\/\/iris-prevention.fr\/wp-content\/uploads\/2024\/02\/Logo-IRIS-Prevention.png\",\"contentUrl\":\"https:\/\/iris-prevention.fr\/wp-content\/uploads\/2024\/02\/Logo-IRIS-Prevention.png\",\"width\":537,\"height\":301,\"caption\":\"Iris Pr\u00e9vention : Sant\u00e9 des salari\u00e9s\"},{\"@type\":\"BreadcrumbList\",\"@id\":\"https:\/\/iris-prevention.fr\/en\/contact\/#breadcrumb\",\"itemListElement\":[{\"@type\":\"ListItem\",\"position\":1,\"name\":\"Home\",\"item\":\"https:\/\/iris-prevention.fr\/en\/\"},{\"@type\":\"ListItem\",\"position\":2,\"name\":\"Contact\"}]},{\"@type\":\"WebSite\",\"@id\":\"https:\/\/iris-prevention.fr\/en\/#website\",\"url\":\"https:\/\/iris-prevention.fr\/en\/\",\"name\":\"IRIS Pr\u00e9vention\",\"description\":\"Illuminez la sant\u00e9 de vos salari\u00e9s avec IRIS Pr\u00e9vention \",\"publisher\":{\"@id\":\"https:\/\/iris-prevention.fr\/en\/#organization\"},\"potentialAction\":[{\"@type\":\"SearchAction\",\"target\":{\"@type\":\"EntryPoint\",\"urlTemplate\":\"https:\/\/iris-prevention.fr\/en\/?s={search_term_string}\"},\"query-input\":{\"@type\":\"PropertyValueSpecification\",\"valueRequired\":true,\"valueName\":\"search_term_string\"}}],\"inLanguage\":\"en-US\"},{\"@type\":\"Organization\",\"@id\":\"https:\/\/iris-prevention.fr\/en\/#organization\",\"name\":\"IRIS Pr\u00e9vention\",\"url\":\"https:\/\/iris-prevention.fr\/en\/\",\"logo\":{\"@type\":\"ImageObject\",\"inLanguage\":\"en-US\",\"@id\":\"https:\/\/iris-prevention.fr\/en\/#\/schema\/logo\/image\/\",\"url\":\"https:\/\/iris-prevention.fr\/wp-content\/uploads\/2024\/02\/Logo-IRIS-Prevention.png\",\"contentUrl\":\"https:\/\/iris-prevention.fr\/wp-content\/uploads\/2024\/02\/Logo-IRIS-Prevention.png\",\"width\":537,\"height\":301,\"caption\":\"IRIS Pr\u00e9vention\"},\"image\":{\"@id\":\"https:\/\/iris-prevention.fr\/en\/#\/schema\/logo\/image\/\"}}]}<\/script>\n<!-- \/ Yoast SEO plugin. -->","yoast_head_json":{"title":"Contact IRIS Preventive Health - Workplace Health Solutions","description":"Contact IRIS Preventive Health to discover our workplace health prevention solutions and improve the well-being of your employees.","robots":{"index":"index","follow":"follow","max-snippet":"max-snippet:-1","max-image-preview":"max-image-preview:large","max-video-preview":"max-video-preview:-1"},"canonical":"https:\/\/iris-prevention.fr\/en\/contact\/","og_locale":"en_US","og_type":"article","og_title":"Contact IRIS Preventive Health - Workplace Health Solutions","og_description":"Contact IRIS Preventive Health to discover our workplace health prevention solutions and improve the well-being of your employees.","og_url":"https:\/\/iris-prevention.fr\/en\/contact\/","og_site_name":"IRIS Pr\u00e9vention","article_modified_time":"2024-10-04T09:49:54+00:00","og_image":[{"width":537,"height":301,"url":"https:\/\/iris-prevention.fr\/wp-content\/uploads\/2024\/02\/Logo-IRIS-Prevention.png","type":"image\/png"}],"twitter_card":"summary_large_image","twitter_misc":{"Est. reading time":"2 minutes"},"schema":{"@context":"https:\/\/schema.org","@graph":[{"@type":"WebPage","@id":"https:\/\/iris-prevention.fr\/en\/contact\/","url":"https:\/\/iris-prevention.fr\/en\/contact\/","name":"Contact IRIS Preventive Health - Workplace Health Solutions","isPartOf":{"@id":"https:\/\/iris-prevention.fr\/en\/#website"},"primaryImageOfPage":{"@id":"https:\/\/iris-prevention.fr\/en\/contact\/#primaryimage"},"image":{"@id":"https:\/\/iris-prevention.fr\/en\/contact\/#primaryimage"},"thumbnailUrl":"https:\/\/iris-prevention.fr\/wp-content\/uploads\/2024\/02\/Logo-IRIS-Prevention.png","datePublished":"2024-02-15T09:06:24+00:00","dateModified":"2024-10-04T09:49:54+00:00","description":"Contact IRIS Preventive Health to discover our workplace health prevention solutions and improve the well-being of your employees.","breadcrumb":{"@id":"https:\/\/iris-prevention.fr\/en\/contact\/#breadcrumb"},"inLanguage":"en-US","potentialAction":[{"@type":"ReadAction","target":["https:\/\/iris-prevention.fr\/en\/contact\/"]}]},{"@type":"ImageObject","inLanguage":"en-US","@id":"https:\/\/iris-prevention.fr\/en\/contact\/#primaryimage","url":"https:\/\/iris-prevention.fr\/wp-content\/uploads\/2024\/02\/Logo-IRIS-Prevention.png","contentUrl":"https:\/\/iris-prevention.fr\/wp-content\/uploads\/2024\/02\/Logo-IRIS-Prevention.png","width":537,"height":301,"caption":"Iris Pr\u00e9vention : Sant\u00e9 des salari\u00e9s"},{"@type":"BreadcrumbList","@id":"https:\/\/iris-prevention.fr\/en\/contact\/#breadcrumb","itemListElement":[{"@type":"ListItem","position":1,"name":"Home","item":"https:\/\/iris-prevention.fr\/en\/"},{"@type":"ListItem","position":2,"name":"Contact"}]},{"@type":"WebSite","@id":"https:\/\/iris-prevention.fr\/en\/#website","url":"https:\/\/iris-prevention.fr\/en\/","name":"IRIS Pr\u00e9vention","description":"Illuminez la sant\u00e9 de vos salari\u00e9s avec IRIS Pr\u00e9vention ","publisher":{"@id":"https:\/\/iris-prevention.fr\/en\/#organization"},"potentialAction":[{"@type":"SearchAction","target":{"@type":"EntryPoint","urlTemplate":"https:\/\/iris-prevention.fr\/en\/?s={search_term_string}"},"query-input":{"@type":"PropertyValueSpecification","valueRequired":true,"valueName":"search_term_string"}}],"inLanguage":"en-US"},{"@type":"Organization","@id":"https:\/\/iris-prevention.fr\/en\/#organization","name":"IRIS Pr\u00e9vention","url":"https:\/\/iris-prevention.fr\/en\/","logo":{"@type":"ImageObject","inLanguage":"en-US","@id":"https:\/\/iris-prevention.fr\/en\/#\/schema\/logo\/image\/","url":"https:\/\/iris-prevention.fr\/wp-content\/uploads\/2024\/02\/Logo-IRIS-Prevention.png","contentUrl":"https:\/\/iris-prevention.fr\/wp-content\/uploads\/2024\/02\/Logo-IRIS-Prevention.png","width":537,"height":301,"caption":"IRIS Pr\u00e9vention"},"image":{"@id":"https:\/\/iris-prevention.fr\/en\/#\/schema\/logo\/image\/"}}]}},"_links":{"self":[{"href":"https:\/\/iris-prevention.fr\/en\/wp-json\/wp\/v2\/pages\/346","targetHints":{"allow":["GET"]}}],"collection":[{"href":"https:\/\/iris-prevention.fr\/en\/wp-json\/wp\/v2\/pages"}],"about":[{"href":"https:\/\/iris-prevention.fr\/en\/wp-json\/wp\/v2\/types\/page"}],"author":[{"embeddable":true,"href":"https:\/\/iris-prevention.fr\/en\/wp-json\/wp\/v2\/users\/1"}],"replies":[{"embeddable":true,"href":"https:\/\/iris-prevention.fr\/en\/wp-json\/wp\/v2\/comments?post=346"}],"version-history":[{"count":7,"href":"https:\/\/iris-prevention.fr\/en\/wp-json\/wp\/v2\/pages\/346\/revisions"}],"predecessor-version":[{"id":2417,"href":"https:\/\/iris-prevention.fr\/en\/wp-json\/wp\/v2\/pages\/346\/revisions\/2417"}],"wp:featuredmedia":[{"embeddable":true,"href":"https:\/\/iris-prevention.fr\/en\/wp-json\/wp\/v2\/media\/312"}],"wp:attachment":[{"href":"https:\/\/iris-prevention.fr\/en\/wp-json\/wp\/v2\/media?parent=346"}],"curies":[{"name":"wp","href":"https:\/\/api.w.org\/{rel}","templated":true}]}}