{"id":341,"date":"2024-02-15T09:06:37","date_gmt":"2024-02-15T09:06:37","guid":{"rendered":"https:\/\/ryo.rigodolo.com\/index.php\/newsletter\/"},"modified":"2024-10-17T07:58:43","modified_gmt":"2024-10-17T07:58:43","slug":"newsletter","status":"publish","type":"page","link":"https:\/\/iris-prevention.fr\/en\/newsletter\/","title":{"rendered":"Newsletter"},"content":{"rendered":"\t\t<div data-elementor-type=\"wp-page\" data-elementor-id=\"341\" class=\"elementor elementor-341\" data-elementor-post-type=\"page\">\n\t\t\t\t<div class=\"elementor-element elementor-element-93b381a e-flex e-con-boxed e-con e-parent\" data-id=\"93b381a\" data-element_type=\"container\" data-e-type=\"container\">\n\t\t\t\t\t<div class=\"e-con-inner\">\n\t\t\t\t<div class=\"elementor-element elementor-element-e4b5233 elementor-widget elementor-widget-heading\" data-id=\"e4b5233\" data-element_type=\"widget\" data-e-type=\"widget\" data-widget_type=\"heading.default\">\n\t\t\t\t<div class=\"elementor-widget-container\">\n\t\t\t\t\t<h1 class=\"elementor-heading-title elementor-size-default\">Discover our monthly tips and news to help you improve your work-life balance.<\/h1>\t\t\t\t<\/div>\n\t\t\t\t<\/div>\n\t\t<div class=\"elementor-element elementor-element-c526a36 e-con-full e-flex e-con e-child\" data-id=\"c526a36\" data-element_type=\"container\" data-e-type=\"container\" data-settings=\"{&quot;background_background&quot;:&quot;classic&quot;}\">\n\t\t\t\t<div class=\"elementor-element elementor-element-5683252 elementor-button-align-stretch elementor-widget elementor-widget-form\" data-id=\"5683252\" data-element_type=\"widget\" data-e-type=\"widget\" data-settings=\"{&quot;step_next_label&quot;:&quot;Next&quot;,&quot;step_previous_label&quot;:&quot;Previous&quot;,&quot;button_width&quot;:&quot;100&quot;,&quot;step_type&quot;:&quot;number_text&quot;,&quot;step_icon_shape&quot;:&quot;circle&quot;}\" data-widget_type=\"form.default\">\n\t\t\t\t<div class=\"elementor-widget-container\">\n\t\t\t\t\t\t\t<form class=\"elementor-form\" method=\"post\" name=\"New Form\">\n\t\t\t<input type=\"hidden\" name=\"post_id\" value=\"341\"\/>\n\t\t\t<input type=\"hidden\" name=\"form_id\" value=\"5683252\"\/>\n\t\t\t<input type=\"hidden\" name=\"referer_title\" value=\"IRIS Pr\u00e9vention\" \/>\n\n\t\t\t\n\t\t\t<div class=\"elementor-form-fields-wrapper elementor-labels-\">\n\t\t\t\t\t\t\t\t<div class=\"elementor-field-type-email elementor-field-group elementor-column elementor-field-group-email elementor-col-100 elementor-field-required\">\n\t\t\t\t\t\t\t\t\t\t\t\t<label for=\"form-field-email\" class=\"elementor-field-label elementor-screen-only\">\n\t\t\t\t\t\t\t\tEmail *\t\t\t\t\t\t\t<\/label>\n\t\t\t\t\t\t\t\t\t\t\t\t\t\t<input size=\"1\" type=\"email\" name=\"form_fields[email]\" id=\"form-field-email\" class=\"elementor-field elementor-size-md  elementor-field-textual\" placeholder=\"Email *\" required=\"required\">\n\t\t\t\t\t\t\t\t\t\t\t<\/div>\n\t\t\t\t\t\t\t\t<div class=\"elementor-field-group elementor-column elementor-field-type-submit elementor-col-100 e-form__buttons\">\n\t\t\t\t\t<button class=\"elementor-button elementor-size-sm\" type=\"submit\">\n\t\t\t\t\t\t<span class=\"elementor-button-content-wrapper\">\n\t\t\t\t\t\t\t\t\t\t\t\t\t\t\t\t\t\t\t\t\t\t<span class=\"elementor-button-text\">Subscribe to Newsletter<\/span>\n\t\t\t\t\t\t\t\t\t\t\t\t\t<\/span>\n\t\t\t\t\t<\/button>\n\t\t\t\t<\/div>\n\t\t\t<\/div>\n\t\t<\/form>\n\t\t\t\t\t\t<\/div>\n\t\t\t\t<\/div>\n\t\t\t\t<div class=\"elementor-element elementor-element-e6d48b8 elementor-widget elementor-widget-heading\" data-id=\"e6d48b8\" data-element_type=\"widget\" data-e-type=\"widget\" data-widget_type=\"heading.default\">\n\t\t\t\t<div class=\"elementor-widget-container\">\n\t\t\t\t\t<h2 class=\"elementor-heading-title elementor-size-default\">Did you know?<\/h2>\t\t\t\t<\/div>\n\t\t\t\t<\/div>\n\t\t\t\t<div class=\"elementor-element elementor-element-f1c003a elementor-widget elementor-widget-text-editor\" data-id=\"f1c003a\" data-element_type=\"widget\" data-e-type=\"widget\" data-widget_type=\"text-editor.default\">\n\t\t\t\t<div class=\"elementor-widget-container\">\n\t\t\t\t\t\t\t\t\t<p>When we smile, we use no fewer than 36 muscles. A good reason never to stop smiling! <\/p>\n\t\t\t\t\t\t\t\t<\/div>\n\t\t\t\t<\/div>\n\t\t\t\t<\/div>\n\t\t\t\t\t<\/div>\n\t\t\t\t<\/div>\n\t\t<div class=\"elementor-element elementor-element-e62130e e-flex e-con-boxed e-con e-parent\" data-id=\"e62130e\" data-element_type=\"container\" data-e-type=\"container\">\n\t\t\t\t\t<div class=\"e-con-inner\">\n\t\t\t\t<div class=\"elementor-element elementor-element-0ec7d5a elementor-align-center elementor-mobile-align-justify elementor-widget elementor-widget-button\" data-id=\"0ec7d5a\" data-element_type=\"widget\" data-e-type=\"widget\" data-widget_type=\"button.default\">\n\t\t\t\t<div class=\"elementor-widget-container\">\n\t\t\t\t\t\t\t\t\t<div class=\"elementor-button-wrapper\">\n\t\t\t\t\t<a class=\"elementor-button elementor-button-link elementor-size-sm\" href=\"https:\/\/iris-prevention.fr\/accueil\/\">\n\t\t\t\t\t\t<span class=\"elementor-button-content-wrapper\">\n\t\t\t\t\t\t\t\t\t<span class=\"elementor-button-text\">Back to home page<\/span>\n\t\t\t\t\t<\/span>\n\t\t\t\t\t<\/a>\n\t\t\t\t<\/div>\n\t\t\t\t\t\t\t\t<\/div>\n\t\t\t\t<\/div>\n\t\t\t\t\t<\/div>\n\t\t\t\t<\/div>\n\t\t\t\t<\/div>\n\t\t","protected":false},"excerpt":{"rendered":"<p>Discover our monthly tips and news to help you improve your work-life balance. Did you know? When we smile, we use no fewer than 36 muscles. A good reason never to stop smiling! Back to home page<\/p>\n","protected":false},"author":1,"featured_media":312,"parent":0,"menu_order":0,"comment_status":"closed","ping_status":"closed","template":"","meta":{"footnotes":""},"class_list":["post-341","page","type-page","status-publish","has-post-thumbnail","hentry"],"yoast_head":"<!-- This site is optimized with the Yoast SEO plugin v27.2 - https:\/\/yoast.com\/product\/yoast-seo-wordpress\/ -->\n<title>Health and Wellness Newsletter - IRIS<\/title>\n<meta name=\"description\" content=\"Sign up for our health and wellness newsletter to receive tips on employee well-being, workplace health, strategies for better productivity.\" \/>\n<meta name=\"robots\" content=\"index, follow, max-snippet:-1, max-image-preview:large, max-video-preview:-1\" \/>\n<link rel=\"canonical\" href=\"https:\/\/iris-prevention.fr\/en\/newsletter\/\" \/>\n<meta property=\"og:locale\" content=\"en_US\" \/>\n<meta property=\"og:type\" content=\"article\" \/>\n<meta property=\"og:title\" content=\"Health and Wellness Newsletter - IRIS\" \/>\n<meta property=\"og:description\" content=\"Sign up for our health and wellness newsletter to receive tips on employee well-being, workplace health, strategies for better productivity.\" \/>\n<meta property=\"og:url\" content=\"https:\/\/iris-prevention.fr\/en\/newsletter\/\" \/>\n<meta property=\"og:site_name\" content=\"IRIS Pr\u00e9vention\" \/>\n<meta property=\"article:modified_time\" content=\"2024-10-17T07:58:43+00:00\" \/>\n<meta property=\"og:image\" content=\"https:\/\/iris-prevention.fr\/wp-content\/uploads\/2024\/02\/Logo-IRIS-Prevention.png\" \/>\n\t<meta property=\"og:image:width\" content=\"537\" \/>\n\t<meta property=\"og:image:height\" content=\"301\" \/>\n\t<meta property=\"og:image:type\" content=\"image\/png\" \/>\n<meta name=\"twitter:card\" content=\"summary_large_image\" \/>\n<meta name=\"twitter:label1\" content=\"Est. reading time\" \/>\n\t<meta name=\"twitter:data1\" content=\"1 minute\" \/>\n<script type=\"application\/ld+json\" class=\"yoast-schema-graph\">{\"@context\":\"https:\/\/schema.org\",\"@graph\":[{\"@type\":\"WebPage\",\"@id\":\"https:\/\/iris-prevention.fr\/en\/newsletter\/\",\"url\":\"https:\/\/iris-prevention.fr\/en\/newsletter\/\",\"name\":\"Health and Wellness Newsletter - IRIS\",\"isPartOf\":{\"@id\":\"https:\/\/iris-prevention.fr\/en\/#website\"},\"primaryImageOfPage\":{\"@id\":\"https:\/\/iris-prevention.fr\/en\/newsletter\/#primaryimage\"},\"image\":{\"@id\":\"https:\/\/iris-prevention.fr\/en\/newsletter\/#primaryimage\"},\"thumbnailUrl\":\"https:\/\/iris-prevention.fr\/wp-content\/uploads\/2024\/02\/Logo-IRIS-Prevention.png\",\"datePublished\":\"2024-02-15T09:06:37+00:00\",\"dateModified\":\"2024-10-17T07:58:43+00:00\",\"description\":\"Sign up for our health and wellness newsletter to receive tips on employee well-being, workplace health, strategies for better productivity.\",\"breadcrumb\":{\"@id\":\"https:\/\/iris-prevention.fr\/en\/newsletter\/#breadcrumb\"},\"inLanguage\":\"en-US\",\"potentialAction\":[{\"@type\":\"ReadAction\",\"target\":[\"https:\/\/iris-prevention.fr\/en\/newsletter\/\"]}]},{\"@type\":\"ImageObject\",\"inLanguage\":\"en-US\",\"@id\":\"https:\/\/iris-prevention.fr\/en\/newsletter\/#primaryimage\",\"url\":\"https:\/\/iris-prevention.fr\/wp-content\/uploads\/2024\/02\/Logo-IRIS-Prevention.png\",\"contentUrl\":\"https:\/\/iris-prevention.fr\/wp-content\/uploads\/2024\/02\/Logo-IRIS-Prevention.png\",\"width\":537,\"height\":301,\"caption\":\"Iris Pr\u00e9vention : Sant\u00e9 des salari\u00e9s\"},{\"@type\":\"BreadcrumbList\",\"@id\":\"https:\/\/iris-prevention.fr\/en\/newsletter\/#breadcrumb\",\"itemListElement\":[{\"@type\":\"ListItem\",\"position\":1,\"name\":\"Home\",\"item\":\"https:\/\/iris-prevention.fr\/en\/\"},{\"@type\":\"ListItem\",\"position\":2,\"name\":\"Newsletter\"}]},{\"@type\":\"WebSite\",\"@id\":\"https:\/\/iris-prevention.fr\/en\/#website\",\"url\":\"https:\/\/iris-prevention.fr\/en\/\",\"name\":\"IRIS Pr\u00e9vention\",\"description\":\"Illuminez la sant\u00e9 de vos salari\u00e9s avec IRIS Pr\u00e9vention \",\"publisher\":{\"@id\":\"https:\/\/iris-prevention.fr\/en\/#organization\"},\"potentialAction\":[{\"@type\":\"SearchAction\",\"target\":{\"@type\":\"EntryPoint\",\"urlTemplate\":\"https:\/\/iris-prevention.fr\/en\/?s={search_term_string}\"},\"query-input\":{\"@type\":\"PropertyValueSpecification\",\"valueRequired\":true,\"valueName\":\"search_term_string\"}}],\"inLanguage\":\"en-US\"},{\"@type\":\"Organization\",\"@id\":\"https:\/\/iris-prevention.fr\/en\/#organization\",\"name\":\"IRIS Pr\u00e9vention\",\"url\":\"https:\/\/iris-prevention.fr\/en\/\",\"logo\":{\"@type\":\"ImageObject\",\"inLanguage\":\"en-US\",\"@id\":\"https:\/\/iris-prevention.fr\/en\/#\/schema\/logo\/image\/\",\"url\":\"https:\/\/iris-prevention.fr\/wp-content\/uploads\/2024\/02\/Logo-IRIS-Prevention.png\",\"contentUrl\":\"https:\/\/iris-prevention.fr\/wp-content\/uploads\/2024\/02\/Logo-IRIS-Prevention.png\",\"width\":537,\"height\":301,\"caption\":\"IRIS Pr\u00e9vention\"},\"image\":{\"@id\":\"https:\/\/iris-prevention.fr\/en\/#\/schema\/logo\/image\/\"}}]}<\/script>\n<!-- \/ Yoast SEO plugin. -->","yoast_head_json":{"title":"Health and Wellness Newsletter - IRIS","description":"Sign up for our health and wellness newsletter to receive tips on employee well-being, workplace health, strategies for better productivity.","robots":{"index":"index","follow":"follow","max-snippet":"max-snippet:-1","max-image-preview":"max-image-preview:large","max-video-preview":"max-video-preview:-1"},"canonical":"https:\/\/iris-prevention.fr\/en\/newsletter\/","og_locale":"en_US","og_type":"article","og_title":"Health and Wellness Newsletter - IRIS","og_description":"Sign up for our health and wellness newsletter to receive tips on employee well-being, workplace health, strategies for better productivity.","og_url":"https:\/\/iris-prevention.fr\/en\/newsletter\/","og_site_name":"IRIS Pr\u00e9vention","article_modified_time":"2024-10-17T07:58:43+00:00","og_image":[{"width":537,"height":301,"url":"https:\/\/iris-prevention.fr\/wp-content\/uploads\/2024\/02\/Logo-IRIS-Prevention.png","type":"image\/png"}],"twitter_card":"summary_large_image","twitter_misc":{"Est. reading time":"1 minute"},"schema":{"@context":"https:\/\/schema.org","@graph":[{"@type":"WebPage","@id":"https:\/\/iris-prevention.fr\/en\/newsletter\/","url":"https:\/\/iris-prevention.fr\/en\/newsletter\/","name":"Health and Wellness Newsletter - IRIS","isPartOf":{"@id":"https:\/\/iris-prevention.fr\/en\/#website"},"primaryImageOfPage":{"@id":"https:\/\/iris-prevention.fr\/en\/newsletter\/#primaryimage"},"image":{"@id":"https:\/\/iris-prevention.fr\/en\/newsletter\/#primaryimage"},"thumbnailUrl":"https:\/\/iris-prevention.fr\/wp-content\/uploads\/2024\/02\/Logo-IRIS-Prevention.png","datePublished":"2024-02-15T09:06:37+00:00","dateModified":"2024-10-17T07:58:43+00:00","description":"Sign up for our health and wellness newsletter to receive tips on employee well-being, workplace health, strategies for better productivity.","breadcrumb":{"@id":"https:\/\/iris-prevention.fr\/en\/newsletter\/#breadcrumb"},"inLanguage":"en-US","potentialAction":[{"@type":"ReadAction","target":["https:\/\/iris-prevention.fr\/en\/newsletter\/"]}]},{"@type":"ImageObject","inLanguage":"en-US","@id":"https:\/\/iris-prevention.fr\/en\/newsletter\/#primaryimage","url":"https:\/\/iris-prevention.fr\/wp-content\/uploads\/2024\/02\/Logo-IRIS-Prevention.png","contentUrl":"https:\/\/iris-prevention.fr\/wp-content\/uploads\/2024\/02\/Logo-IRIS-Prevention.png","width":537,"height":301,"caption":"Iris Pr\u00e9vention : Sant\u00e9 des salari\u00e9s"},{"@type":"BreadcrumbList","@id":"https:\/\/iris-prevention.fr\/en\/newsletter\/#breadcrumb","itemListElement":[{"@type":"ListItem","position":1,"name":"Home","item":"https:\/\/iris-prevention.fr\/en\/"},{"@type":"ListItem","position":2,"name":"Newsletter"}]},{"@type":"WebSite","@id":"https:\/\/iris-prevention.fr\/en\/#website","url":"https:\/\/iris-prevention.fr\/en\/","name":"IRIS Pr\u00e9vention","description":"Illuminez la sant\u00e9 de vos salari\u00e9s avec IRIS Pr\u00e9vention ","publisher":{"@id":"https:\/\/iris-prevention.fr\/en\/#organization"},"potentialAction":[{"@type":"SearchAction","target":{"@type":"EntryPoint","urlTemplate":"https:\/\/iris-prevention.fr\/en\/?s={search_term_string}"},"query-input":{"@type":"PropertyValueSpecification","valueRequired":true,"valueName":"search_term_string"}}],"inLanguage":"en-US"},{"@type":"Organization","@id":"https:\/\/iris-prevention.fr\/en\/#organization","name":"IRIS Pr\u00e9vention","url":"https:\/\/iris-prevention.fr\/en\/","logo":{"@type":"ImageObject","inLanguage":"en-US","@id":"https:\/\/iris-prevention.fr\/en\/#\/schema\/logo\/image\/","url":"https:\/\/iris-prevention.fr\/wp-content\/uploads\/2024\/02\/Logo-IRIS-Prevention.png","contentUrl":"https:\/\/iris-prevention.fr\/wp-content\/uploads\/2024\/02\/Logo-IRIS-Prevention.png","width":537,"height":301,"caption":"IRIS Pr\u00e9vention"},"image":{"@id":"https:\/\/iris-prevention.fr\/en\/#\/schema\/logo\/image\/"}}]}},"_links":{"self":[{"href":"https:\/\/iris-prevention.fr\/en\/wp-json\/wp\/v2\/pages\/341","targetHints":{"allow":["GET"]}}],"collection":[{"href":"https:\/\/iris-prevention.fr\/en\/wp-json\/wp\/v2\/pages"}],"about":[{"href":"https:\/\/iris-prevention.fr\/en\/wp-json\/wp\/v2\/types\/page"}],"author":[{"embeddable":true,"href":"https:\/\/iris-prevention.fr\/en\/wp-json\/wp\/v2\/users\/1"}],"replies":[{"embeddable":true,"href":"https:\/\/iris-prevention.fr\/en\/wp-json\/wp\/v2\/comments?post=341"}],"version-history":[{"count":7,"href":"https:\/\/iris-prevention.fr\/en\/wp-json\/wp\/v2\/pages\/341\/revisions"}],"predecessor-version":[{"id":1495,"href":"https:\/\/iris-prevention.fr\/en\/wp-json\/wp\/v2\/pages\/341\/revisions\/1495"}],"wp:featuredmedia":[{"embeddable":true,"href":"https:\/\/iris-prevention.fr\/en\/wp-json\/wp\/v2\/media\/312"}],"wp:attachment":[{"href":"https:\/\/iris-prevention.fr\/en\/wp-json\/wp\/v2\/media?parent=341"}],"curies":[{"name":"wp","href":"https:\/\/api.w.org\/{rel}","templated":true}]}}