{"id":328,"date":"2024-02-15T09:07:01","date_gmt":"2024-02-15T09:07:01","guid":{"rendered":"https:\/\/ryo.rigodolo.com\/index.php\/your-request-has-been-processed\/"},"modified":"2024-04-02T18:26:28","modified_gmt":"2024-04-02T18:26:28","slug":"your-request-has-been-processed","status":"publish","type":"page","link":"https:\/\/iris-prevention.fr\/en\/your-request-has-been-processed\/","title":{"rendered":"Your request has been processed"},"content":{"rendered":"\t\t<div data-elementor-type=\"wp-page\" data-elementor-id=\"328\" class=\"elementor elementor-328\" data-elementor-post-type=\"page\">\n\t\t\t\t<div class=\"elementor-element elementor-element-e2e25e8 e-flex e-con-boxed e-con e-parent\" data-id=\"e2e25e8\" data-element_type=\"container\" data-e-type=\"container\">\n\t\t\t\t\t<div class=\"e-con-inner\">\n\t\t\t\t<div class=\"elementor-element elementor-element-90cab3f elementor-widget elementor-widget-heading\" data-id=\"90cab3f\" data-element_type=\"widget\" data-e-type=\"widget\" data-widget_type=\"heading.default\">\n\t\t\t\t<div class=\"elementor-widget-container\">\n\t\t\t\t\t<h1 class=\"elementor-heading-title elementor-size-default\">Thank you, your request has been taken into account. Our teams will get back to you within 48 hours.  <\/h1>\t\t\t\t<\/div>\n\t\t\t\t<\/div>\n\t\t<div class=\"elementor-element elementor-element-147b9ec e-con-full e-flex e-con e-child\" data-id=\"147b9ec\" data-element_type=\"container\" data-e-type=\"container\" data-settings=\"{&quot;background_background&quot;:&quot;classic&quot;}\">\n\t\t\t\t<div class=\"elementor-element elementor-element-dbe4439 elementor-widget elementor-widget-heading\" data-id=\"dbe4439\" data-element_type=\"widget\" data-e-type=\"widget\" data-widget_type=\"heading.default\">\n\t\t\t\t<div class=\"elementor-widget-container\">\n\t\t\t\t\t<h2 class=\"elementor-heading-title elementor-size-default\">Did you know?<\/h2>\t\t\t\t<\/div>\n\t\t\t\t<\/div>\n\t\t\t\t<div class=\"elementor-element elementor-element-c4716d4 elementor-widget elementor-widget-text-editor\" data-id=\"c4716d4\" data-element_type=\"widget\" data-e-type=\"widget\" data-widget_type=\"text-editor.default\">\n\t\t\t\t<div class=\"elementor-widget-container\">\n\t\t\t\t\t\t\t\t\t<p>Inside us, in our blood, is around 0.2 mg of gold. But don&#8217;t expect to make anything out of it: you&#8217;d need to collect the blood of at least 40,000 people to create an 8-gram gold coin.<\/p>\n\t\t\t\t\t\t\t\t<\/div>\n\t\t\t\t<\/div>\n\t\t\t\t<div class=\"elementor-element elementor-element-1e105b5 elementor-align-center elementor-mobile-align-justify elementor-widget elementor-widget-button\" data-id=\"1e105b5\" data-element_type=\"widget\" data-e-type=\"widget\" data-widget_type=\"button.default\">\n\t\t\t\t<div class=\"elementor-widget-container\">\n\t\t\t\t\t\t\t\t\t<div class=\"elementor-button-wrapper\">\n\t\t\t\t\t<a class=\"elementor-button elementor-button-link elementor-size-sm\" href=\"https:\/\/iris-prevention.fr\/newsletter\/\">\n\t\t\t\t\t\t<span class=\"elementor-button-content-wrapper\">\n\t\t\t\t\t\t\t\t\t<span class=\"elementor-button-text\">Subscribe to Newsletter<\/span>\n\t\t\t\t\t<\/span>\n\t\t\t\t\t<\/a>\n\t\t\t\t<\/div>\n\t\t\t\t\t\t\t\t<\/div>\n\t\t\t\t<\/div>\n\t\t\t\t<\/div>\n\t\t\t\t\t<\/div>\n\t\t\t\t<\/div>\n\t\t<div class=\"elementor-element elementor-element-3eb3a5a e-flex e-con-boxed e-con e-parent\" data-id=\"3eb3a5a\" data-element_type=\"container\" data-e-type=\"container\">\n\t\t\t\t\t<div class=\"e-con-inner\">\n\t\t\t\t<div class=\"elementor-element elementor-element-a18c55f elementor-align-center elementor-mobile-align-justify elementor-widget elementor-widget-button\" data-id=\"a18c55f\" data-element_type=\"widget\" data-e-type=\"widget\" data-widget_type=\"button.default\">\n\t\t\t\t<div class=\"elementor-widget-container\">\n\t\t\t\t\t\t\t\t\t<div class=\"elementor-button-wrapper\">\n\t\t\t\t\t<a class=\"elementor-button elementor-button-link elementor-size-sm\" href=\"https:\/\/iris-prevention.fr\/accueil\/\">\n\t\t\t\t\t\t<span class=\"elementor-button-content-wrapper\">\n\t\t\t\t\t\t\t\t\t<span class=\"elementor-button-text\">Back to home page<\/span>\n\t\t\t\t\t<\/span>\n\t\t\t\t\t<\/a>\n\t\t\t\t<\/div>\n\t\t\t\t\t\t\t\t<\/div>\n\t\t\t\t<\/div>\n\t\t\t\t\t<\/div>\n\t\t\t\t<\/div>\n\t\t\t\t<\/div>\n\t\t","protected":false},"excerpt":{"rendered":"<p>Thank you, your request has been taken into account. Our teams will get back to you within 48 hours. Did you know? Inside us, in our blood, is around 0.2 mg of gold. But don&#8217;t expect to make anything out of it: you&#8217;d need to collect the blood of at least 40,000 people to create [&hellip;]<\/p>\n","protected":false},"author":1,"featured_media":0,"parent":0,"menu_order":0,"comment_status":"closed","ping_status":"closed","template":"","meta":{"footnotes":""},"class_list":["post-328","page","type-page","status-publish","hentry"],"yoast_head":"<!-- This site is optimized with the Yoast SEO plugin v27.2 - https:\/\/yoast.com\/product\/yoast-seo-wordpress\/ -->\n<title>Your request has been processed - IRIS Pr\u00e9vention<\/title>\n<meta name=\"robots\" content=\"index, follow, max-snippet:-1, max-image-preview:large, max-video-preview:-1\" \/>\n<link rel=\"canonical\" href=\"https:\/\/iris-prevention.fr\/en\/your-request-has-been-processed\/\" \/>\n<meta property=\"og:locale\" content=\"en_US\" \/>\n<meta property=\"og:type\" content=\"article\" \/>\n<meta property=\"og:title\" content=\"Your request has been processed - IRIS Pr\u00e9vention\" \/>\n<meta property=\"og:description\" content=\"Thank you, your request has been taken into account. Our teams will get back to you within 48 hours. Did you know? Inside us, in our blood, is around 0.2 mg of gold. But don&#8217;t expect to make anything out of it: you&#8217;d need to collect the blood of at least 40,000 people to create [&hellip;]\" \/>\n<meta property=\"og:url\" content=\"https:\/\/iris-prevention.fr\/en\/your-request-has-been-processed\/\" \/>\n<meta property=\"og:site_name\" content=\"IRIS Pr\u00e9vention\" \/>\n<meta property=\"article:modified_time\" content=\"2024-04-02T18:26:28+00:00\" \/>\n<meta name=\"twitter:card\" content=\"summary_large_image\" \/>\n<script type=\"application\/ld+json\" class=\"yoast-schema-graph\">{\"@context\":\"https:\/\/schema.org\",\"@graph\":[{\"@type\":\"WebPage\",\"@id\":\"https:\/\/iris-prevention.fr\/en\/your-request-has-been-processed\/\",\"url\":\"https:\/\/iris-prevention.fr\/en\/your-request-has-been-processed\/\",\"name\":\"Your request has been processed - IRIS Pr\u00e9vention\",\"isPartOf\":{\"@id\":\"https:\/\/iris-prevention.fr\/en\/#website\"},\"datePublished\":\"2024-02-15T09:07:01+00:00\",\"dateModified\":\"2024-04-02T18:26:28+00:00\",\"breadcrumb\":{\"@id\":\"https:\/\/iris-prevention.fr\/en\/your-request-has-been-processed\/#breadcrumb\"},\"inLanguage\":\"en-US\",\"potentialAction\":[{\"@type\":\"ReadAction\",\"target\":[\"https:\/\/iris-prevention.fr\/en\/your-request-has-been-processed\/\"]}]},{\"@type\":\"BreadcrumbList\",\"@id\":\"https:\/\/iris-prevention.fr\/en\/your-request-has-been-processed\/#breadcrumb\",\"itemListElement\":[{\"@type\":\"ListItem\",\"position\":1,\"name\":\"Home\",\"item\":\"https:\/\/iris-prevention.fr\/en\/\"},{\"@type\":\"ListItem\",\"position\":2,\"name\":\"Your request has been processed\"}]},{\"@type\":\"WebSite\",\"@id\":\"https:\/\/iris-prevention.fr\/en\/#website\",\"url\":\"https:\/\/iris-prevention.fr\/en\/\",\"name\":\"IRIS Pr\u00e9vention\",\"description\":\"Illuminez la sant\u00e9 de vos salari\u00e9s avec IRIS Pr\u00e9vention \",\"publisher\":{\"@id\":\"https:\/\/iris-prevention.fr\/en\/#organization\"},\"potentialAction\":[{\"@type\":\"SearchAction\",\"target\":{\"@type\":\"EntryPoint\",\"urlTemplate\":\"https:\/\/iris-prevention.fr\/en\/?s={search_term_string}\"},\"query-input\":{\"@type\":\"PropertyValueSpecification\",\"valueRequired\":true,\"valueName\":\"search_term_string\"}}],\"inLanguage\":\"en-US\"},{\"@type\":\"Organization\",\"@id\":\"https:\/\/iris-prevention.fr\/en\/#organization\",\"name\":\"IRIS Pr\u00e9vention\",\"url\":\"https:\/\/iris-prevention.fr\/en\/\",\"logo\":{\"@type\":\"ImageObject\",\"inLanguage\":\"en-US\",\"@id\":\"https:\/\/iris-prevention.fr\/en\/#\/schema\/logo\/image\/\",\"url\":\"https:\/\/iris-prevention.fr\/wp-content\/uploads\/2024\/02\/Logo-IRIS-Prevention.png\",\"contentUrl\":\"https:\/\/iris-prevention.fr\/wp-content\/uploads\/2024\/02\/Logo-IRIS-Prevention.png\",\"width\":537,\"height\":301,\"caption\":\"IRIS Pr\u00e9vention\"},\"image\":{\"@id\":\"https:\/\/iris-prevention.fr\/en\/#\/schema\/logo\/image\/\"}}]}<\/script>\n<!-- \/ Yoast SEO plugin. -->","yoast_head_json":{"title":"Your request has been processed - IRIS Pr\u00e9vention","robots":{"index":"index","follow":"follow","max-snippet":"max-snippet:-1","max-image-preview":"max-image-preview:large","max-video-preview":"max-video-preview:-1"},"canonical":"https:\/\/iris-prevention.fr\/en\/your-request-has-been-processed\/","og_locale":"en_US","og_type":"article","og_title":"Your request has been processed - IRIS Pr\u00e9vention","og_description":"Thank you, your request has been taken into account. Our teams will get back to you within 48 hours. Did you know? Inside us, in our blood, is around 0.2 mg of gold. But don&#8217;t expect to make anything out of it: you&#8217;d need to collect the blood of at least 40,000 people to create [&hellip;]","og_url":"https:\/\/iris-prevention.fr\/en\/your-request-has-been-processed\/","og_site_name":"IRIS Pr\u00e9vention","article_modified_time":"2024-04-02T18:26:28+00:00","twitter_card":"summary_large_image","schema":{"@context":"https:\/\/schema.org","@graph":[{"@type":"WebPage","@id":"https:\/\/iris-prevention.fr\/en\/your-request-has-been-processed\/","url":"https:\/\/iris-prevention.fr\/en\/your-request-has-been-processed\/","name":"Your request has been processed - IRIS Pr\u00e9vention","isPartOf":{"@id":"https:\/\/iris-prevention.fr\/en\/#website"},"datePublished":"2024-02-15T09:07:01+00:00","dateModified":"2024-04-02T18:26:28+00:00","breadcrumb":{"@id":"https:\/\/iris-prevention.fr\/en\/your-request-has-been-processed\/#breadcrumb"},"inLanguage":"en-US","potentialAction":[{"@type":"ReadAction","target":["https:\/\/iris-prevention.fr\/en\/your-request-has-been-processed\/"]}]},{"@type":"BreadcrumbList","@id":"https:\/\/iris-prevention.fr\/en\/your-request-has-been-processed\/#breadcrumb","itemListElement":[{"@type":"ListItem","position":1,"name":"Home","item":"https:\/\/iris-prevention.fr\/en\/"},{"@type":"ListItem","position":2,"name":"Your request has been processed"}]},{"@type":"WebSite","@id":"https:\/\/iris-prevention.fr\/en\/#website","url":"https:\/\/iris-prevention.fr\/en\/","name":"IRIS Pr\u00e9vention","description":"Illuminez la sant\u00e9 de vos salari\u00e9s avec IRIS Pr\u00e9vention ","publisher":{"@id":"https:\/\/iris-prevention.fr\/en\/#organization"},"potentialAction":[{"@type":"SearchAction","target":{"@type":"EntryPoint","urlTemplate":"https:\/\/iris-prevention.fr\/en\/?s={search_term_string}"},"query-input":{"@type":"PropertyValueSpecification","valueRequired":true,"valueName":"search_term_string"}}],"inLanguage":"en-US"},{"@type":"Organization","@id":"https:\/\/iris-prevention.fr\/en\/#organization","name":"IRIS Pr\u00e9vention","url":"https:\/\/iris-prevention.fr\/en\/","logo":{"@type":"ImageObject","inLanguage":"en-US","@id":"https:\/\/iris-prevention.fr\/en\/#\/schema\/logo\/image\/","url":"https:\/\/iris-prevention.fr\/wp-content\/uploads\/2024\/02\/Logo-IRIS-Prevention.png","contentUrl":"https:\/\/iris-prevention.fr\/wp-content\/uploads\/2024\/02\/Logo-IRIS-Prevention.png","width":537,"height":301,"caption":"IRIS Pr\u00e9vention"},"image":{"@id":"https:\/\/iris-prevention.fr\/en\/#\/schema\/logo\/image\/"}}]}},"_links":{"self":[{"href":"https:\/\/iris-prevention.fr\/en\/wp-json\/wp\/v2\/pages\/328","targetHints":{"allow":["GET"]}}],"collection":[{"href":"https:\/\/iris-prevention.fr\/en\/wp-json\/wp\/v2\/pages"}],"about":[{"href":"https:\/\/iris-prevention.fr\/en\/wp-json\/wp\/v2\/types\/page"}],"author":[{"embeddable":true,"href":"https:\/\/iris-prevention.fr\/en\/wp-json\/wp\/v2\/users\/1"}],"replies":[{"embeddable":true,"href":"https:\/\/iris-prevention.fr\/en\/wp-json\/wp\/v2\/comments?post=328"}],"version-history":[{"count":7,"href":"https:\/\/iris-prevention.fr\/en\/wp-json\/wp\/v2\/pages\/328\/revisions"}],"predecessor-version":[{"id":1207,"href":"https:\/\/iris-prevention.fr\/en\/wp-json\/wp\/v2\/pages\/328\/revisions\/1207"}],"wp:attachment":[{"href":"https:\/\/iris-prevention.fr\/en\/wp-json\/wp\/v2\/media?parent=328"}],"curies":[{"name":"wp","href":"https:\/\/api.w.org\/{rel}","templated":true}]}}